{"id":19,"date":"2013-12-09T11:00:51","date_gmt":"2013-12-09T11:00:51","guid":{"rendered":"http:\/\/www.toparconstrucciones.com\/?page_id=19"},"modified":"2013-12-12T07:06:53","modified_gmt":"2013-12-12T07:06:53","slug":"company","status":"publish","type":"page","link":"https:\/\/www.toparconstrucciones.com\/en\/company\/","title":{"rendered":"Company"},"content":{"rendered":"<blockquote><p>\u201cEvery project is a new challenge for us;<br \/>\nthe motivation to improve day by day.\u201d<\/p><\/blockquote>\n<p><strong>TOPAR S.A.<\/strong> Is a building\/masonry company with more than <strong>25 years of professional<\/strong> background. It has the experience and the means to develop any kind of project.<\/p>\n<p>&nbsp;<\/p>\n<p>Our philosophy is \u201cwell done work\u201d and our maximum concern is to give the best guarantee to the clients.<\/p>\n<p>&nbsp;<\/p>\n<p>Our work is fully supported by a long term experience and the loyalty of satisfied clients.<\/p>\n<p>&nbsp;<\/p>\n<p>We offer our work in different styles. A<strong> modern view in terms of materials and techniques, together with the northern Mallorca traditional construction style.<\/strong><\/p>\n<p>&nbsp;<\/p>\n<p><strong> Our work is mostly oriented to house\/building restoration, rehabilitation and renovation, but we have done many projects of new houses in different styles such as modern, classic or rustic.<\/strong><\/p>\n<p>&nbsp;<\/p>\n<p>Good examples of restoration work are the modernist house of \u201cCa&#8217;n Prunera\u201d and works for Ferrocarril de S\u00f3ller at the Palma station as well as at the S\u00f3ller station (Mir\u00f3 and Picasso rooms).<\/p>\n","protected":false},"excerpt":{"rendered":"<p>\u201cEvery project is a new challenge for us; the motivation to improve day by day.\u201d TOPAR S.A. Is a building\/masonry company with more than 25 years of professional background. It has the experience and the means to develop any kind of project. &nbsp; Our philosophy is \u201cwell done work\u201d and our maximum concern is to [&hellip;]<\/p>\n","protected":false},"author":1,"featured_media":0,"parent":0,"menu_order":0,"comment_status":"open","ping_status":"open","template":"page-empresa.php","meta":[],"aioseo_notices":[],"_links":{"self":[{"href":"https:\/\/www.toparconstrucciones.com\/en\/wp-json\/wp\/v2\/pages\/19"}],"collection":[{"href":"https:\/\/www.toparconstrucciones.com\/en\/wp-json\/wp\/v2\/pages"}],"about":[{"href":"https:\/\/www.toparconstrucciones.com\/en\/wp-json\/wp\/v2\/types\/page"}],"author":[{"embeddable":true,"href":"https:\/\/www.toparconstrucciones.com\/en\/wp-json\/wp\/v2\/users\/1"}],"replies":[{"embeddable":true,"href":"https:\/\/www.toparconstrucciones.com\/en\/wp-json\/wp\/v2\/comments?post=19"}],"version-history":[{"count":15,"href":"https:\/\/www.toparconstrucciones.com\/en\/wp-json\/wp\/v2\/pages\/19\/revisions"}],"predecessor-version":[{"id":295,"href":"https:\/\/www.toparconstrucciones.com\/en\/wp-json\/wp\/v2\/pages\/19\/revisions\/295"}],"wp:attachment":[{"href":"https:\/\/www.toparconstrucciones.com\/en\/wp-json\/wp\/v2\/media?parent=19"}],"curies":[{"name":"wp","href":"https:\/\/api.w.org\/{rel}","templated":true}]}}