{"id":513,"date":"2014-01-23T08:40:18","date_gmt":"2014-01-23T08:40:18","guid":{"rendered":"http:\/\/www.toparconstrucciones.com\/politica-de-privacitat-2\/"},"modified":"2024-07-31T06:58:19","modified_gmt":"2024-07-31T06:58:19","slug":"politica-de-privacitat","status":"publish","type":"page","link":"https:\/\/www.toparconstrucciones.com\/ca\/politica-de-privacitat\/","title":{"rendered":"Pol\u00edtica de privacidad"},"content":{"rendered":"<p><\/p>\n\n\n<\/p>\n<p class=\"has-black-color has-text-color has-medium-font-size\"><strong>POL\u00cdTICA DE PRIVACIDAD<\/strong><\/p>\n<p>\n\n\n\n<\/p>\n<div class=\"wp-block-spacer\" aria-hidden=\"true\">\u00a0<\/div>\n<p>\n\n\n\n<\/p>\n<p>De conformidad con la normativa vigente y aplicable en protecci\u00f3n de datos de car\u00e1cter personal, le informamos que sus datos ser\u00e1n incorporados al sistema de tratamiento titularidad de TOPAR S.A. con NIF A07408420 y domicilio social en CARRETERA VIEJA DEL PUERTO,7 07100 S\u00d3LLER (ILLES BALEARS). A continuaci\u00f3n, le indicamos los aspectos m\u00e1s destacables de los tratamientos realizados:<\/p>\n<p>\n\n\n\n<\/p>\n<div class=\"wp-block-spacer\" aria-hidden=\"true\">\u00a0<\/div>\n<p>\n\n\n\n<\/p>\n<p><strong>TRATAMIENTOS REALIZADOS<\/strong><\/p>\n<p>\n\n\n\n<\/p>\n<div class=\"wp-block-spacer\" aria-hidden=\"true\">\u00a0<\/div>\n<p>\n\n\n\n<\/p>\n<p><strong>Acciones comerciales formulario web<\/strong><\/p>\n<p>\n\n\n\n<\/p>\n<ul>\n\n<li>Finalidad: Captaci\u00f3n, registro y tratamiento de datos con finalidades de atender sus consultas y\/o solicitudes, as\u00ed como de publicidad y prospecci\u00f3n comercial.<\/li>\n\n \n\n<li>Plazo de conservaci\u00f3n: Mientras se mantenga el consentimiento prestado, salvo obligaci\u00f3n legal.<\/li>\n\n \n\n<li>Base leg\u00edtima: El consentimiento del interesado.<\/li>\n\n \n\n<li>Datos b\u00e1sicos: Nombre y apellidos, Direcci\u00f3n electr\u00f3nica.<\/li>\n\n<\/ul>\n<p>\n\n\n\n<\/p>\n<div class=\"wp-block-spacer\" aria-hidden=\"true\">\u00a0<\/div>\n<p>\n\n\n\n<\/p>\n<p><strong>Instalaci\u00f3n de cookies<\/strong><\/p>\n<p>\n\n\n\n<\/p>\n<ul>\n\n<li>Finalidad: Gesti\u00f3n e instalaci\u00f3n de las cookies<\/li>\n\n \n\n<li>Plazo de conservaci\u00f3n: Mientras se mantenga el consentimiento prestado.<\/li>\n\n \n\n<li>Base leg\u00edtima: El consentimiento del interesado.<\/li>\n\n \n\n<li>Datos b\u00e1sicos: Direcci\u00f3n electr\u00f3nica, Direcci\u00f3n IP<\/li>\n\n<\/ul>\n<p>\n\n\n\n<\/p>\n<div class=\"wp-block-spacer\" aria-hidden=\"true\">\u00a0<\/div>\n<p>\n\n\n\n<\/p>\n<p><strong>Gesti\u00f3n usuarios web<\/strong><\/p>\n<p>\n\n\n\n<\/p>\n<ul>\n\n<li>Finalidad: Captaci\u00f3n, registro y tratamiento de datos del usuario.<\/li>\n\n \n\n<li>Plazo de conservaci\u00f3n: Mientras se mantenga el consentimiento<br \/>prestado, salvo obligaci\u00f3n legal.<\/li>\n\n \n\n<li>Base leg\u00edtima: El consentimiento del interesado.<\/li>\n\n \n\n<li>Datos b\u00e1sicos: Nombre y apellidos, Direcci\u00f3n electr\u00f3nica.<\/li>\n\n<\/ul>\n<p>\n\n\n\n<\/p>\n<div class=\"wp-block-spacer\" aria-hidden=\"true\">\u00a0<\/div>\n<p>\n\n\n\n<\/p>\n<p><br \/>TOPAR S.A. informa a los usuarios que, podr\u00e1 ejercer los derechos de acceso, rectificaci\u00f3n, limitaci\u00f3n, supresi\u00f3n, portabilidad, oposici\u00f3n al tratamiento de sus datos de car\u00e1cter personal y el derecho a no ser objeto de decisiones automatizadas, incluida la elaboraci\u00f3n de perfiles, ante el responsable del tratamiento, as\u00ed como a la retirada del consentimiento prestado.<\/p>\n<p>\n\n\n\n<\/p>\n<div class=\"wp-block-spacer\" aria-hidden=\"true\">\u00a0<\/div>\n<p>\n\n\n\n<\/p>\n<p>Para ejercer cualquiera de los derechos en materia de protecci\u00f3n de datos puede presentar un escrito a la direcci\u00f3n CARRETERA VIEJA DEL PUERTO,7, 07100 S\u00d3LLER (ILLES BALEARES) a la atenci\u00f3n de TOPAR S.A., o bien a trav\u00e9s del correo electr\u00f3nico<a href=\"mailto:info@toparconstrucciones.com\"> info@toparconstrucciones.com.<\/a><\/p>\n<p>\n\n\n\n<\/p>\n<div class=\"wp-block-spacer\" aria-hidden=\"true\">\u00a0<\/div>\n<p>\n\n\n\n<\/p>\n<p>Por \u00faltimo, le informamos que tiene derecho a presentar una reclamaci\u00f3n ante la Agencia Espa\u00f1ola de Protecci\u00f3n de Datos en caso de que tenga conocimiento o considere que un hecho pueda suponer un incumplimiento de la normativa aplicable en materia de protecci\u00f3n de datos.<\/p>\n<p>\n\n\n\n<\/p>\n<div class=\"wp-block-spacer\" aria-hidden=\"true\">\u00a0<\/div>\n<p>\n\n\n\n<\/p>\n<p>TOPAR S.A. se compromete a adoptar las medidas t\u00e9cnicas y organizativas necesarias, acorde al nivel de riesgos que acompa\u00f1an los tratamientos realizados por \u00e9stas e indicados en el apartado de los t\u00e9rminos y condiciones de uso, de forma que garanticen su integridad, confidencialidad y disponibilidad.<\/p>\n<p>\n\n<\/p>\n<div class=\"wp-block-spacer\" aria-hidden=\"true\">\u00a0<\/div>\n<p>\n\n<\/p>\n<p>\n\n\n","protected":false},"excerpt":{"rendered":"<p>POL\u00cdTICA DE PRIVACIDAD De conformidad con la normativa vigente y aplicable en protecci\u00f3n de datos de car\u00e1cter personal, le informamos que sus datos ser\u00e1n incorporados al sistema de tratamiento titularidad de TOPAR S.A. con NIF A07408420 y domicilio social en CARRETERA VIEJA DEL PUERTO,7 07100 S\u00d3LLER (ILLES BALEARS). A continuaci\u00f3n, le indicamos los aspectos m\u00e1s [&hellip;]<\/p>\n","protected":false},"author":1,"featured_media":0,"parent":0,"menu_order":0,"comment_status":"open","ping_status":"closed","template":"page-lopd.php","meta":[],"aioseo_notices":[],"_links":{"self":[{"href":"https:\/\/www.toparconstrucciones.com\/ca\/wp-json\/wp\/v2\/pages\/513"}],"collection":[{"href":"https:\/\/www.toparconstrucciones.com\/ca\/wp-json\/wp\/v2\/pages"}],"about":[{"href":"https:\/\/www.toparconstrucciones.com\/ca\/wp-json\/wp\/v2\/types\/page"}],"author":[{"embeddable":true,"href":"https:\/\/www.toparconstrucciones.com\/ca\/wp-json\/wp\/v2\/users\/1"}],"replies":[{"embeddable":true,"href":"https:\/\/www.toparconstrucciones.com\/ca\/wp-json\/wp\/v2\/comments?post=513"}],"version-history":[{"count":3,"href":"https:\/\/www.toparconstrucciones.com\/ca\/wp-json\/wp\/v2\/pages\/513\/revisions"}],"predecessor-version":[{"id":755,"href":"https:\/\/www.toparconstrucciones.com\/ca\/wp-json\/wp\/v2\/pages\/513\/revisions\/755"}],"wp:attachment":[{"href":"https:\/\/www.toparconstrucciones.com\/ca\/wp-json\/wp\/v2\/media?parent=513"}],"curies":[{"name":"wp","href":"https:\/\/api.w.org\/{rel}","templated":true}]}}