{"id":45,"date":"2013-12-09T11:04:03","date_gmt":"2013-12-09T11:04:03","guid":{"rendered":"http:\/\/www.toparconstrucciones.com\/?page_id=45"},"modified":"2013-12-11T07:52:59","modified_gmt":"2013-12-11T07:52:59","slug":"serveis","status":"publish","type":"page","link":"https:\/\/www.toparconstrucciones.com\/ca\/serveis\/","title":{"rendered":"Serveis"},"content":{"rendered":"<blockquote><p>Un servei de qualitat<\/p><\/blockquote>\n<p>A <strong>TOPAR CONSTRUCCIONES S.A. <\/strong>tenim molt en compte que per a poder oferir una feina de qualitat, hem de treballar amb  una m\u00e0 d\u2019obra qualificada i amb \u00e0mplia experi\u00e8ncia com la que disposem, amb les eines i maquinaries necess\u00e0ries i la millor mat\u00e8ria primera en quant a material de construcci\u00f3. Aix\u00ed podem assegurar qualsevol projecte que se\u2019ns encomani amb \u00e8xit. <br \/>\nEns dediquem a l\u2019obra p\u00fablica, privada i de qualsevol tipus (rehabilitaci\u00f3, reforma, restauraci\u00f3, obra nova&#8230;), redacci\u00f3 de projectes t\u00e8cnics, aixecaments de pl\u00e0nols, assessorament i orientaci\u00f3 professional en el transcurs de les obres, subministre i col\u2022locaci\u00f3 de fusteria, treballs de pintura, instal\u2022lacions (el\u00e8ctrica, fontaneria, climatitzaci\u00f3 i aire condicionat), manteniment de finques, piscines, treballs en exteriors, etc&#8230; <\/p>\n","protected":false},"excerpt":{"rendered":"<p>Un servei de qualitat A TOPAR CONSTRUCCIONES S.A. tenim molt en compte que per a poder oferir una feina de qualitat, hem de treballar amb una m\u00e0 d\u2019obra qualificada i amb \u00e0mplia experi\u00e8ncia com la que disposem, amb les eines i maquinaries necess\u00e0ries i la millor mat\u00e8ria primera en quant a material de construcci\u00f3. Aix\u00ed [&hellip;]<\/p>\n","protected":false},"author":1,"featured_media":0,"parent":0,"menu_order":0,"comment_status":"open","ping_status":"open","template":"page-empresa.php","meta":[],"aioseo_notices":[],"_links":{"self":[{"href":"https:\/\/www.toparconstrucciones.com\/ca\/wp-json\/wp\/v2\/pages\/45"}],"collection":[{"href":"https:\/\/www.toparconstrucciones.com\/ca\/wp-json\/wp\/v2\/pages"}],"about":[{"href":"https:\/\/www.toparconstrucciones.com\/ca\/wp-json\/wp\/v2\/types\/page"}],"author":[{"embeddable":true,"href":"https:\/\/www.toparconstrucciones.com\/ca\/wp-json\/wp\/v2\/users\/1"}],"replies":[{"embeddable":true,"href":"https:\/\/www.toparconstrucciones.com\/ca\/wp-json\/wp\/v2\/comments?post=45"}],"version-history":[{"count":6,"href":"https:\/\/www.toparconstrucciones.com\/ca\/wp-json\/wp\/v2\/pages\/45\/revisions"}],"predecessor-version":[{"id":269,"href":"https:\/\/www.toparconstrucciones.com\/ca\/wp-json\/wp\/v2\/pages\/45\/revisions\/269"}],"wp:attachment":[{"href":"https:\/\/www.toparconstrucciones.com\/ca\/wp-json\/wp\/v2\/media?parent=45"}],"curies":[{"name":"wp","href":"https:\/\/api.w.org\/{rel}","templated":true}]}}