{"id":20,"date":"2013-12-09T11:00:51","date_gmt":"2013-12-09T11:00:51","guid":{"rendered":"http:\/\/www.toparconstrucciones.com\/?page_id=20"},"modified":"2013-12-11T08:01:31","modified_gmt":"2013-12-11T08:01:31","slug":"empresa","status":"publish","type":"page","link":"https:\/\/www.toparconstrucciones.com\/ca\/empresa\/","title":{"rendered":"Empresa"},"content":{"rendered":"<blockquote><p>\u201cCada projecte \u00e9s un nou repte per a nosaltres;<br \/>\nla superaci\u00f3 de millorar dia a dia.\u201d<\/p><\/blockquote>\n<p><strong>TOPAR S.A<\/strong> \u00e9s una empresa de construcci\u00f3 amb m\u00e9s de 25 anys de traject\u00f2ria professional que compta amb l\u2019experi\u00e8ncia i els mitjans necessaris per desenvolupar qualsevol tipus de projecte.<\/p>\n<p>&nbsp;<\/p>\n<p>La\u00a0 nostra filosofia \u00e9s <strong>\u201cla feina ben feta\u201d<\/strong> i la m\u00e0xima preocupaci\u00f3 \u00e9s oferir al clients la millor garantia.<\/p>\n<p>&nbsp;<\/p>\n<p>Est\u00e0 fortament avalada per una \u00e0mplia experi\u00e8ncia i una clientela plenament satisfeta i fidel, que compta amb ells a cada nou com\u00e8s que se\u2019ls planteja.<\/p>\n<p>&nbsp;<\/p>\n<p>Oferim una gran varietat en quant a estils es refereix.\u00a0 Una <strong>visi\u00f3 moderna en quant a construcci\u00f3, material i t\u00e8cniques d\u2019aplicaci\u00f3<\/strong> de qu\u00e8 disposem actualment, per\u00f2 <strong>sense oblidar la construcci\u00f3 tradicional i emblem\u00e0tica de la zona Nord de Mallorca.<\/strong><\/p>\n<p>&nbsp;<\/p>\n<p>El nostre llegat de feina \u00e9s extens, si b\u00e9 es cert que ens dediquem majorit\u00e0riament a la <strong>restauraci\u00f3, rehabilitaci\u00f3 i reforma d\u2019habitatges i edificis<\/strong>, tamb\u00e9 podem anomenar nombrosos <strong>projectes integrals d\u2019obres de nova construcci\u00f3 de diferents estils, ja sigui\u00a0 modern, cl\u00e0ssic, r\u00fastic, etc.<\/strong><\/p>\n<p>En quant als projectes de restauraci\u00f3 duits a terme en podem destacar una obra mestra, la restauraci\u00f3 de l\u2019edifici modernista de \u201cCa\u2019n Prunera\u201d, i les realitzades per al Ferrocarril de S\u00f3ller a\u00a0 l\u2019estaci\u00f3 de Palma i a les sales Mir\u00f3 i Picasso de l\u2019estaci\u00f3 de S\u00f3ller.<\/p>\n","protected":false},"excerpt":{"rendered":"<p>\u201cCada projecte \u00e9s un nou repte per a nosaltres; la superaci\u00f3 de millorar dia a dia.\u201d TOPAR S.A \u00e9s una empresa de construcci\u00f3 amb m\u00e9s de 25 anys de traject\u00f2ria professional que compta amb l\u2019experi\u00e8ncia i els mitjans necessaris per desenvolupar qualsevol tipus de projecte. &nbsp; La\u00a0 nostra filosofia \u00e9s \u201cla feina ben feta\u201d i [&hellip;]<\/p>\n","protected":false},"author":1,"featured_media":0,"parent":0,"menu_order":0,"comment_status":"open","ping_status":"open","template":"page-empresa.php","meta":[],"aioseo_notices":[],"_links":{"self":[{"href":"https:\/\/www.toparconstrucciones.com\/ca\/wp-json\/wp\/v2\/pages\/20"}],"collection":[{"href":"https:\/\/www.toparconstrucciones.com\/ca\/wp-json\/wp\/v2\/pages"}],"about":[{"href":"https:\/\/www.toparconstrucciones.com\/ca\/wp-json\/wp\/v2\/types\/page"}],"author":[{"embeddable":true,"href":"https:\/\/www.toparconstrucciones.com\/ca\/wp-json\/wp\/v2\/users\/1"}],"replies":[{"embeddable":true,"href":"https:\/\/www.toparconstrucciones.com\/ca\/wp-json\/wp\/v2\/comments?post=20"}],"version-history":[{"count":11,"href":"https:\/\/www.toparconstrucciones.com\/ca\/wp-json\/wp\/v2\/pages\/20\/revisions"}],"predecessor-version":[{"id":289,"href":"https:\/\/www.toparconstrucciones.com\/ca\/wp-json\/wp\/v2\/pages\/20\/revisions\/289"}],"wp:attachment":[{"href":"https:\/\/www.toparconstrucciones.com\/ca\/wp-json\/wp\/v2\/media?parent=20"}],"curies":[{"name":"wp","href":"https:\/\/api.w.org\/{rel}","templated":true}]}}